{"id":2,"date":"2019-01-29T18:34:25","date_gmt":"2019-01-29T18:34:25","guid":{"rendered":"http:\/\/ialmc.org\/\/?page_id=2"},"modified":"2024-12-14T21:56:03","modified_gmt":"2024-12-14T21:56:03","slug":"sample-page","status":"publish","type":"page","link":"https:\/\/ialmc.org\/","title":{"rendered":"Bienvenidos"},"content":{"rendered":"\n<p>Puerto Rico tuvo su primer exposici\u00f3n a la Iglesia Adventista del S\u00e9ptimo D\u00eda durante la Guerra Hispanoamericana (1898) cuando el enfermero norteamericano David Trail, desde el pueblo de Las Mar\u00edas, envi\u00f3 una carta a la Asociaci\u00f3n General indicando la oportunidad que hab\u00eda en la isla para el servicio y la predicaci\u00f3n del Evangelio.<\/p>\n\n\n\n<div class=\"wp-block-alps-gutenberg-blocks-highlighted-paragraph\"><p class=\"o-highlight u-padding u-background-color--gray--light u-text-align--left can-be--dark-dark\">La Iglesia Adventista del S\u00e9ptimo D\u00eda cuenta con varias localidades en el municipio de Las Mar\u00edas:<br\/><strong>Altosano:<\/strong> <br\/>PR 407, Km. 2.6 <br\/>(18.26230, -67.01726) <br\/><a rel=\"noreferrer noopener\" href=\"https:\/\/goo.gl\/maps\/U32cjJkcCZezyeLZA\" target=\"_blank\">Google Maps<\/a> <br\/><a rel=\"noreferrer noopener\" href=\"https:\/\/maps.apple.com\/?address=Iglesia%20Adventista%20del%20S\u00e9ptimo%20D\u00eda%20de%20Altosano,%20Las%20Mar%C3%ADas,%20Puerto%20Rico%20%2000670,%20United%20States&amp;ll=18.262300,-67.017260&amp;q=Iglesia%20Adventista%20del%20S\u00e9ptimo%20D\u00eda%20de%20Altosano&amp;_ext=EiYptwX8JQBCMkAx76rIUGjBUMA5s7BH3kxEMkBBSQJHVM3AUMBQBA%3D%3D\" target=\"_blank\">Apple Maps<\/a><br\/><br\/><strong>Anones: <\/strong><br\/>PR 4406, Km. 3.2 <br\/>(18.24969, -67.03249) <br\/><a rel=\"noreferrer noopener\" href=\"https:\/\/goo.gl\/maps\/hrwhL5X8MFyEZo36A\" target=\"_blank\">Google Maps<\/a> <br\/><a rel=\"noreferrer noopener\" href=\"https:\/\/maps.apple.com\/?address=Iglesia%20Adventista%20del%20S\u00e9ptimo%20D\u00eda%20de%20Anones,%20Las%20Mar%C3%ADas,%20Puerto%20Rico%20%2000670,%20United%20States&amp;ll=18.249690,-67.032490&amp;q=Iglesia%20Adventista%20del%20S\u00e9ptimo%20D\u00eda%20de%20Anones&amp;_ext=EiYpAHSvjMU+MkAxCrJqeWPCUMA5\/B77RBJBMkBBzJTKf8jBUMBQBA%3D%3D\" target=\"_blank\">Apple Maps<\/a><br\/><br\/><strong>Bucarabones: <\/strong><br\/>PR 409, Km. 3.8 <br\/>(18.20179, -66.95256) <br\/><a rel=\"noreferrer noopener\" href=\"https:\/\/goo.gl\/maps\/iR4hgabRk9imScpz6\" target=\"_blank\">Google Maps<\/a> <br\/><a rel=\"noreferrer noopener\" href=\"https:\/\/maps.apple.com\/?address=Iglesia%20Adventista%20del%20S\u00e9ptimo%20D\u00eda%20de%20Bucarabones,%20Las%20Mar%C3%ADas,%20Puerto%20Rico%20%2000670,%20United%20States&amp;ll=18.201790,-66.952560&amp;q=Iglesia%20Adventista%20del%20S\u00e9ptimo%20D\u00eda%20de%20Bucarabones&amp;_ext=EiYpA5q5fHQyMkAxerguuUK9UMA5\/0QFNcE0MkBBeHiGyqe8UMBQBA%3D%3D\" target=\"_blank\">Apple Maps<\/a><br\/><br\/><strong>Buena Vista: <\/strong><br\/>PR 370, Km. 0.3 <br\/>(18.23323, -66.95803) <br\/><a rel=\"noreferrer noopener\" href=\"https:\/\/goo.gl\/maps\/VMgSUUBdt47HtRE1A\" target=\"_blank\">Google Maps<\/a> <br\/><a rel=\"noreferrer noopener\" href=\"https:\/\/maps.apple.com\/?address=Iglesia%20Adventista%20del%20S\u00e9ptimo%20D\u00eda%20de%20Buena%20Vista,%20Las%20Mar%C3%ADas,%20Puerto%20Rico%20%2000670,%20United%20States&amp;ll=18.233230,-66.958030&amp;q=Iglesia%20Adventista%20del%20S\u00e9ptimo%20D\u00eda%20de%20Buena%20Vista&amp;_ext=EiYp3JrUfY46MkAx0dNaXZq9UMA52EUgNts8MkBBzZ18Z\/+8UMBQBA%3D%3D\" target=\"_blank\">Apple Maps<\/a><br\/><br\/><strong>Chamorro: <\/strong><br\/>PR 124, Km. 14.2 <br\/>(18.22964, -66.91993) <br\/><a rel=\"noreferrer noopener\" href=\"https:\/\/goo.gl\/maps\/UxMXpdsX2SgiViEd8\" target=\"_blank\">Google Maps<\/a> <br\/><a rel=\"noreferrer noopener\" href=\"https:\/\/maps.apple.com\/?address=Iglesia%20Adventista%20del%20S\u00e9ptimo%20D\u00eda%20de%20Chamorro,%20Las%20Mar%C3%ADas,%20Puerto%20Rico%20%2000670,%20United%20States&amp;ll=18.229640,-66.919930&amp;q=Iglesia%20Adventista%20del%20S\u00e9ptimo%20D\u00eda%20de%20Chamorro&amp;_ext=EiYpOgGxEKI5MkAxyoHMJy+7UMA5Nqz8yO47MkBBturAMpS6UMBQBA%3D%3D\" target=\"_blank\">Apple Maps<\/a><br\/><br\/><strong>Las Mar\u00edas Central (Pueblo): <\/strong><br\/>PR 119, Km. 51.2<br\/>(18.25043, -67.00146) <br\/><a rel=\"noreferrer noopener\" href=\"https:\/\/goo.gl\/maps\/BcBHxmjbo9GF6eii7\" target=\"_blank\">Google Maps<\/a> <br\/><a rel=\"noreferrer noopener\" href=\"https:\/\/maps.apple.com\/?address=Iglesia%20Adventista%20del%20S\u00e9ptimo%20D\u00eda%20de%20Las%20Mar\u00edas%20Central,%20Las%20Mar%C3%ADas,%20Puerto%20Rico%20%2000670,%20United%20States&amp;ll=18.250430,-67.001460&amp;q=Iglesia%20Adventista%20del%20S\u00e9ptimo%20D\u00eda%20de%20Las%20Mar\u00edas%20Central&amp;_ext=EiYpfSBfFOY+MkAxBrloDmHAUMA5ecuqzDJBMkBBMJirFMa\/UMBQBA%3D%3D\" target=\"_blank\">Apple Maps<\/a><br\/><br\/><strong>Plato Indio:<\/strong> <br\/>(18.22066, -67.02557) <br\/><a rel=\"noreferrer noopener\" href=\"https:\/\/goo.gl\/maps\/iuCKZZKRLV8sgkM78\" target=\"_blank\">Google Maps<\/a> <br\/><a href=\"https:\/\/maps.apple.com\/?address=Iglesia%20Adventista%20del%20S\u00e9ptimo%20D\u00eda%20de%20Plato%20Indio,%20Las%20Mar%C3%ADas,%20Puerto%20Rico%20%2000670,%20United%20States&amp;ll=18.220660,-67.025570&amp;q=Iglesia%20Adventista%20del%20S\u00e9ptimo%20D\u00eda%20de%20Plato%20Indio&amp;_ext=EiYprBquyFM3MkAxQuNmSvHBUMA5qMX5gKA5MkBB4O9oV1bBUMBQBA%3D%3D\" target=\"_blank\" rel=\"noreferrer noopener\">Apple Maps<\/a><br\/><\/p><\/div>\n\n\n\n<div class=\"wp-block-alps-gutenberg-blocks-content-block\"><div class=\"c-block c-block__text u-theme--border-color--darker u-border--left u-spacing--half\"><h3 class=\"u-theme--color--darker u-font--primary--m\"><a href=\"https:\/\/ialmc.org\/livestream\/\" class=\"c-block__title-link u-theme--link-hover--dark\"><strong>En vivo<\/strong><\/a><\/h3><p class=\"c-block__body text\" style=\"text-align:left\">Transmisi\u00f3n en vivo Viernes desde las 8:00 pm y S\u00e1bados desde las 11:00 am.<\/p><a href=\"https:\/\/ialmc.org\/livestream\/\" class=\"c-block__button o-button o-button--outline\">Ver programaci\u00f3n en vivo<span class=\"u-icon u-icon--m u-path-fill--base u-space--half--left\"><svg xmlns=\"http:\/\/www.w3.org\/2000\/svg\" viewBox=\"0 0 20 20\"><path d=\"M18.29,8.59l-3.5-3.5L13.38,6.5,15.88,9H.29v2H15.88l-2.5,2.5,1.41,1.41,3.5-3.5L19.71,10Z\"><\/path><\/svg><\/span><\/a><\/div><\/div>\n\n\n\n<p><\/p>\n","protected":false},"excerpt":{"rendered":"<p>Puerto Rico tuvo su primer exposici\u00f3n a la Iglesia Adventista del S\u00e9ptimo D\u00eda durante la Guerra Hispanoamericana (1898) cuando el enfermero norteamericano David Trail, desde el pueblo de Las Mar\u00edas, envi\u00f3 una carta a la Asociaci\u00f3n General indicando la oportunidad que hab\u00eda en la isla para el servicio y la predicaci\u00f3n del Evangelio.<\/p>\n","protected":false},"author":1,"featured_media":0,"parent":0,"menu_order":0,"comment_status":"closed","ping_status":"open","template":"","meta":{"inline_featured_image":false},"class_list":["post-2","page","type-page","status-publish","hentry","odd"],"_links":{"self":[{"href":"https:\/\/ialmc.org\/index.php\/wp-json\/wp\/v2\/pages\/2","targetHints":{"allow":["GET"]}}],"collection":[{"href":"https:\/\/ialmc.org\/index.php\/wp-json\/wp\/v2\/pages"}],"about":[{"href":"https:\/\/ialmc.org\/index.php\/wp-json\/wp\/v2\/types\/page"}],"author":[{"embeddable":true,"href":"https:\/\/ialmc.org\/index.php\/wp-json\/wp\/v2\/users\/1"}],"replies":[{"embeddable":true,"href":"https:\/\/ialmc.org\/index.php\/wp-json\/wp\/v2\/comments?post=2"}],"version-history":[{"count":61,"href":"https:\/\/ialmc.org\/index.php\/wp-json\/wp\/v2\/pages\/2\/revisions"}],"predecessor-version":[{"id":181,"href":"https:\/\/ialmc.org\/index.php\/wp-json\/wp\/v2\/pages\/2\/revisions\/181"}],"wp:attachment":[{"href":"https:\/\/ialmc.org\/index.php\/wp-json\/wp\/v2\/media?parent=2"}],"curies":[{"name":"wp","href":"https:\/\/api.w.org\/{rel}","templated":true}]}}